{"id":1522,"date":"2017-10-10T00:48:38","date_gmt":"2017-10-09T22:48:38","guid":{"rendered":"http:\/\/www.rotarylaquila.it\/?page_id=1522"},"modified":"2017-12-08T01:02:20","modified_gmt":"2017-12-08T00:02:20","slug":"dia-rotary-2017","status":"publish","type":"page","link":"http:\/\/www.rotarylaquila.it\/?page_id=1522","title":{"rendered":"DIA ROTARY 2017"},"content":{"rendered":"<p>Domenica 8 ottobre in una bellissima giornata di sole, sotto un cielo azzurro come il logo internazionale di \u201cUnited for Diabetes\u201d, circa 150 persone hanno aderito in Piazza Duomo alla VII edizione del Dia-Rotary, campagna di informazione , prevenzione e screening del diabete organizzato dal Rotary Club L\u2019Aquila, in collaborazione con Inner Wheel, Rotaract, Associazione ADAQ-onlus, Croce Rossa Italiana, con il patrocinio della ASL n. 1 Abruzzo.<\/p>\n<p>Le fasce di et\u00e0 pi\u00f9 rappresentate tra la persone sottoposte allo screening sono state quella superiore a 64 anni (60%) e quella tra 55 e 64 anni (27%) che con la loro massiccia presenza hanno inciso sui risultati dello screening :<\/p>\n<ul>\n<li>10% di soggetti con diabete noto in trattamento<\/li>\n<li>33% di soggetti con diversi livelli di rischio di svliluppo di diabete entro i prossimi 10 anni.<\/li>\n<\/ul>\n<p>L\u2019elevata prevalenza di diabete nel nostro territorio \u00e8 dovuta, tra l\u2019altro, all\u2019invecchiamento della popolazione: la prevalenza, infatti, aumenta col crescere dell\u2019et\u00e0: oltre i 45 anni la sola et\u00e0 costituisce un fattore di rischio di sviluppo di diabete; oltre i 75 anni almeno una persona su cinque ne \u00e8 affetta. L\u2019elevata percentuale delle persone risultate a rischio di diabete \u00e8 dovuta anche all\u2019eccedenza di peso che \u00e8 stata rilevata nel 61% del campione di popolazione esaminato.<\/p>\n<p>Buone le abitudini alimentari per quanto riguarda il consumo di frutta e verdura (90% del campione assume frutta e verdura tutti i giorni) e l\u2019attivit\u00e0 fisica (84% le persone attive);<\/p>\n<p>Secondo i dati ISTAT 2017 l\u2019Abruzzo \u00e8 nella prima met\u00e0 della top-ten per prevalenza di diabete in Italia, preceduto da Basilicata, Calabria, Lazio, Campania, dopo essere stata la prima Regione in Italia nei dati Istat 2012, e L\u2019Aquila si attesta su una prevalenza superiore all\u20198%, con una media nazionale <em>(dati CINECA-SID 2015)<\/em> del 6,2%.<\/p>\n<p>Fondamentale \u00e8 la prevenzione che consente di arginare la marea montante di questa patologia (spesso associata ad altre alterazioni metaboliche e a patologia cardiovascolare) destinata ad aumentare in tutto il mondo, e il Rotary Club L\u2019Aquila con questo Service continua il suo impegno in questa attivit\u00e0 di prevenzione.<\/p>\n<p>L\u2019edizione Dia-Rotary 2017, il cui tema \u00e8 stato \u201cDiabete e dintorni\u201d, ha visto la presenza, oltre che che di un mini-team diabetologico <em>(Rossella Iannarelli e la collega Anna Rita Gabriele) <\/em>e di Medici di famiglia\/Pediatri di libera scelta <em>(Luigi Giallonardo, Maria Teresa Cialone e Marisa D\u2019Andrea),<\/em> di Specialisti che si occupano di due delle complicanze del diabete<em> (l\u2019o<\/em><em>culista Germano Genitti e l\u2019odontoiatra Lorenzo Daniele).<\/em><\/p>\n<p><a href=\"http:\/\/www.rotarylaquila.it\/wp-content\/uploads\/2017\/10\/22254919_688064351403265_7312519376467028742_o.jpg\"><img loading=\"lazy\" decoding=\"async\" class=\"alignleft size-medium wp-image-1525\" src=\"http:\/\/www.rotarylaquila.it\/wp-content\/uploads\/2017\/10\/22254919_688064351403265_7312519376467028742_o-300x225.jpg\" alt=\"\" width=\"300\" height=\"225\" srcset=\"http:\/\/www.rotarylaquila.it\/wp-content\/uploads\/2017\/10\/22254919_688064351403265_7312519376467028742_o-300x225.jpg 300w, http:\/\/www.rotarylaquila.it\/wp-content\/uploads\/2017\/10\/22254919_688064351403265_7312519376467028742_o-768x576.jpg 768w, http:\/\/www.rotarylaquila.it\/wp-content\/uploads\/2017\/10\/22254919_688064351403265_7312519376467028742_o-1024x768.jpg 1024w, http:\/\/www.rotarylaquila.it\/wp-content\/uploads\/2017\/10\/22254919_688064351403265_7312519376467028742_o-175x131.jpg 175w, http:\/\/www.rotarylaquila.it\/wp-content\/uploads\/2017\/10\/22254919_688064351403265_7312519376467028742_o-667x500.jpg 667w, http:\/\/www.rotarylaquila.it\/wp-content\/uploads\/2017\/10\/22254919_688064351403265_7312519376467028742_o.jpg 1600w\" sizes=\"auto, (max-width: 300px) 100vw, 300px\" \/><img loading=\"lazy\" decoding=\"async\" class=\"alignleft size-medium wp-image-1536\" src=\"http:\/\/www.rotarylaquila.it\/wp-content\/uploads\/2017\/10\/22291363_688150184728015_8896765575329799412_o-213x300.jpg\" alt=\"\" width=\"213\" height=\"300\" srcset=\"http:\/\/www.rotarylaquila.it\/wp-content\/uploads\/2017\/10\/22291363_688150184728015_8896765575329799412_o-213x300.jpg 213w, http:\/\/www.rotarylaquila.it\/wp-content\/uploads\/2017\/10\/22291363_688150184728015_8896765575329799412_o-356x500.jpg 356w, http:\/\/www.rotarylaquila.it\/wp-content\/uploads\/2017\/10\/22291363_688150184728015_8896765575329799412_o.jpg 720w\" sizes=\"auto, (max-width: 213px) 100vw, 213px\" \/><\/a><a href=\"http:\/\/www.rotarylaquila.it\/wp-content\/uploads\/2017\/10\/22254981_688065494736484_7865724368527334320_o.jpg\"><img loading=\"lazy\" decoding=\"async\" class=\"alignleft size-medium wp-image-1527\" src=\"http:\/\/www.rotarylaquila.it\/wp-content\/uploads\/2017\/10\/22254981_688065494736484_7865724368527334320_o-300x225.jpg\" alt=\"\" width=\"300\" height=\"225\" srcset=\"http:\/\/www.rotarylaquila.it\/wp-content\/uploads\/2017\/10\/22254981_688065494736484_7865724368527334320_o-300x225.jpg 300w, http:\/\/www.rotarylaquila.it\/wp-content\/uploads\/2017\/10\/22254981_688065494736484_7865724368527334320_o-768x576.jpg 768w, http:\/\/www.rotarylaquila.it\/wp-content\/uploads\/2017\/10\/22254981_688065494736484_7865724368527334320_o-1024x768.jpg 1024w, http:\/\/www.rotarylaquila.it\/wp-content\/uploads\/2017\/10\/22254981_688065494736484_7865724368527334320_o-175x131.jpg 175w, http:\/\/www.rotarylaquila.it\/wp-content\/uploads\/2017\/10\/22254981_688065494736484_7865724368527334320_o-667x500.jpg 667w, http:\/\/www.rotarylaquila.it\/wp-content\/uploads\/2017\/10\/22254981_688065494736484_7865724368527334320_o.jpg 2048w\" sizes=\"auto, (max-width: 300px) 100vw, 300px\" \/><\/a> <a href=\"http:\/\/www.rotarylaquila.it\/wp-content\/uploads\/2017\/10\/22256403_688064718069895_3200613506443619644_o.jpg\"><img loading=\"lazy\" decoding=\"async\" class=\"alignleft size-medium wp-image-1528\" src=\"http:\/\/www.rotarylaquila.it\/wp-content\/uploads\/2017\/10\/22256403_688064718069895_3200613506443619644_o-300x225.jpg\" alt=\"\" width=\"300\" height=\"225\" srcset=\"http:\/\/www.rotarylaquila.it\/wp-content\/uploads\/2017\/10\/22256403_688064718069895_3200613506443619644_o-300x225.jpg 300w, http:\/\/www.rotarylaquila.it\/wp-content\/uploads\/2017\/10\/22256403_688064718069895_3200613506443619644_o-768x576.jpg 768w, http:\/\/www.rotarylaquila.it\/wp-content\/uploads\/2017\/10\/22256403_688064718069895_3200613506443619644_o-1024x768.jpg 1024w, http:\/\/www.rotarylaquila.it\/wp-content\/uploads\/2017\/10\/22256403_688064718069895_3200613506443619644_o-175x131.jpg 175w, http:\/\/www.rotarylaquila.it\/wp-content\/uploads\/2017\/10\/22256403_688064718069895_3200613506443619644_o-667x500.jpg 667w, http:\/\/www.rotarylaquila.it\/wp-content\/uploads\/2017\/10\/22256403_688064718069895_3200613506443619644_o.jpg 2048w\" sizes=\"auto, (max-width: 300px) 100vw, 300px\" \/><\/a> <a href=\"http:\/\/www.rotarylaquila.it\/wp-content\/uploads\/2017\/10\/22256443_688064024736631_9183191650885364462_o.jpg\"><img loading=\"lazy\" decoding=\"async\" class=\"alignleft size-medium wp-image-1529\" src=\"http:\/\/www.rotarylaquila.it\/wp-content\/uploads\/2017\/10\/22256443_688064024736631_9183191650885364462_o-225x300.jpg\" alt=\"\" width=\"225\" height=\"300\" srcset=\"http:\/\/www.rotarylaquila.it\/wp-content\/uploads\/2017\/10\/22256443_688064024736631_9183191650885364462_o-225x300.jpg 225w, http:\/\/www.rotarylaquila.it\/wp-content\/uploads\/2017\/10\/22256443_688064024736631_9183191650885364462_o-375x500.jpg 375w, http:\/\/www.rotarylaquila.it\/wp-content\/uploads\/2017\/10\/22256443_688064024736631_9183191650885364462_o.jpg 750w\" sizes=\"auto, (max-width: 225px) 100vw, 225px\" \/><\/a> <a href=\"http:\/\/www.rotarylaquila.it\/wp-content\/uploads\/2017\/10\/22289828_688077541401946_8148122068474751790_o.jpg\"><img loading=\"lazy\" decoding=\"async\" class=\"alignleft size-medium wp-image-1530\" src=\"http:\/\/www.rotarylaquila.it\/wp-content\/uploads\/2017\/10\/22289828_688077541401946_8148122068474751790_o-300x225.jpg\" alt=\"\" width=\"300\" height=\"225\" srcset=\"http:\/\/www.rotarylaquila.it\/wp-content\/uploads\/2017\/10\/22289828_688077541401946_8148122068474751790_o-300x225.jpg 300w, http:\/\/www.rotarylaquila.it\/wp-content\/uploads\/2017\/10\/22289828_688077541401946_8148122068474751790_o-768x576.jpg 768w, http:\/\/www.rotarylaquila.it\/wp-content\/uploads\/2017\/10\/22289828_688077541401946_8148122068474751790_o-1024x768.jpg 1024w, http:\/\/www.rotarylaquila.it\/wp-content\/uploads\/2017\/10\/22289828_688077541401946_8148122068474751790_o-175x131.jpg 175w, http:\/\/www.rotarylaquila.it\/wp-content\/uploads\/2017\/10\/22289828_688077541401946_8148122068474751790_o-667x500.jpg 667w, http:\/\/www.rotarylaquila.it\/wp-content\/uploads\/2017\/10\/22289828_688077541401946_8148122068474751790_o.jpg 2048w\" sizes=\"auto, (max-width: 300px) 100vw, 300px\" \/><\/a> <a href=\"http:\/\/www.rotarylaquila.it\/wp-content\/uploads\/2017\/10\/22289981_688064071403293_4120953741647253846_o.jpg\"><img loading=\"lazy\" decoding=\"async\" class=\"alignleft size-medium wp-image-1531\" src=\"http:\/\/www.rotarylaquila.it\/wp-content\/uploads\/2017\/10\/22289981_688064071403293_4120953741647253846_o-300x225.jpg\" alt=\"\" width=\"300\" height=\"225\" srcset=\"http:\/\/www.rotarylaquila.it\/wp-content\/uploads\/2017\/10\/22289981_688064071403293_4120953741647253846_o-300x225.jpg 300w, http:\/\/www.rotarylaquila.it\/wp-content\/uploads\/2017\/10\/22289981_688064071403293_4120953741647253846_o-768x576.jpg 768w, http:\/\/www.rotarylaquila.it\/wp-content\/uploads\/2017\/10\/22289981_688064071403293_4120953741647253846_o-175x131.jpg 175w, http:\/\/www.rotarylaquila.it\/wp-content\/uploads\/2017\/10\/22289981_688064071403293_4120953741647253846_o-667x500.jpg 667w, http:\/\/www.rotarylaquila.it\/wp-content\/uploads\/2017\/10\/22289981_688064071403293_4120953741647253846_o.jpg 1000w\" sizes=\"auto, (max-width: 300px) 100vw, 300px\" \/><\/a> <a href=\"http:\/\/www.rotarylaquila.it\/wp-content\/uploads\/2017\/10\/22291206_688064144736619_314453559485292175_o.jpg\"><img loading=\"lazy\" decoding=\"async\" class=\"alignleft size-medium wp-image-1532\" src=\"http:\/\/www.rotarylaquila.it\/wp-content\/uploads\/2017\/10\/22291206_688064144736619_314453559485292175_o-300x225.jpg\" alt=\"\" width=\"300\" height=\"225\" srcset=\"http:\/\/www.rotarylaquila.it\/wp-content\/uploads\/2017\/10\/22291206_688064144736619_314453559485292175_o-300x225.jpg 300w, http:\/\/www.rotarylaquila.it\/wp-content\/uploads\/2017\/10\/22291206_688064144736619_314453559485292175_o-768x576.jpg 768w, http:\/\/www.rotarylaquila.it\/wp-content\/uploads\/2017\/10\/22291206_688064144736619_314453559485292175_o-175x131.jpg 175w, http:\/\/www.rotarylaquila.it\/wp-content\/uploads\/2017\/10\/22291206_688064144736619_314453559485292175_o-667x500.jpg 667w, http:\/\/www.rotarylaquila.it\/wp-content\/uploads\/2017\/10\/22291206_688064144736619_314453559485292175_o.jpg 1000w\" sizes=\"auto, (max-width: 300px) 100vw, 300px\" \/><\/a> <a href=\"http:\/\/www.rotarylaquila.it\/wp-content\/uploads\/2017\/10\/22291282_688065224736511_2557445273672050336_o.jpg\"><img loading=\"lazy\" decoding=\"async\" class=\"alignleft size-medium wp-image-1533\" src=\"http:\/\/www.rotarylaquila.it\/wp-content\/uploads\/2017\/10\/22291282_688065224736511_2557445273672050336_o-300x225.jpg\" alt=\"\" width=\"300\" height=\"225\" srcset=\"http:\/\/www.rotarylaquila.it\/wp-content\/uploads\/2017\/10\/22291282_688065224736511_2557445273672050336_o-300x225.jpg 300w, http:\/\/www.rotarylaquila.it\/wp-content\/uploads\/2017\/10\/22291282_688065224736511_2557445273672050336_o-768x576.jpg 768w, http:\/\/www.rotarylaquila.it\/wp-content\/uploads\/2017\/10\/22291282_688065224736511_2557445273672050336_o-1024x768.jpg 1024w, http:\/\/www.rotarylaquila.it\/wp-content\/uploads\/2017\/10\/22291282_688065224736511_2557445273672050336_o-175x131.jpg 175w, http:\/\/www.rotarylaquila.it\/wp-content\/uploads\/2017\/10\/22291282_688065224736511_2557445273672050336_o-667x500.jpg 667w, http:\/\/www.rotarylaquila.it\/wp-content\/uploads\/2017\/10\/22291282_688065224736511_2557445273672050336_o.jpg 2048w\" sizes=\"auto, (max-width: 300px) 100vw, 300px\" \/><\/a> <a href=\"http:\/\/www.rotarylaquila.it\/wp-content\/uploads\/2017\/10\/22256481_688065108069856_3974046546101943353_o.jpg\"><img loading=\"lazy\" decoding=\"async\" class=\"alignleft size-medium wp-image-1534\" src=\"http:\/\/www.rotarylaquila.it\/wp-content\/uploads\/2017\/10\/22256481_688065108069856_3974046546101943353_o-300x225.jpg\" alt=\"\" width=\"300\" height=\"225\" srcset=\"http:\/\/www.rotarylaquila.it\/wp-content\/uploads\/2017\/10\/22256481_688065108069856_3974046546101943353_o-300x225.jpg 300w, http:\/\/www.rotarylaquila.it\/wp-content\/uploads\/2017\/10\/22256481_688065108069856_3974046546101943353_o-768x576.jpg 768w, http:\/\/www.rotarylaquila.it\/wp-content\/uploads\/2017\/10\/22256481_688065108069856_3974046546101943353_o-1024x768.jpg 1024w, http:\/\/www.rotarylaquila.it\/wp-content\/uploads\/2017\/10\/22256481_688065108069856_3974046546101943353_o-175x131.jpg 175w, http:\/\/www.rotarylaquila.it\/wp-content\/uploads\/2017\/10\/22256481_688065108069856_3974046546101943353_o-667x500.jpg 667w, http:\/\/www.rotarylaquila.it\/wp-content\/uploads\/2017\/10\/22256481_688065108069856_3974046546101943353_o.jpg 2048w\" sizes=\"auto, (max-width: 300px) 100vw, 300px\" \/><\/a> <a href=\"http:\/\/www.rotarylaquila.it\/wp-content\/uploads\/2017\/10\/22256645_688064834736550_6256828963121646356_o.jpg\"><img loading=\"lazy\" decoding=\"async\" class=\"alignleft size-medium wp-image-1535\" src=\"http:\/\/www.rotarylaquila.it\/wp-content\/uploads\/2017\/10\/22256645_688064834736550_6256828963121646356_o-300x225.jpg\" alt=\"\" width=\"300\" height=\"225\" srcset=\"http:\/\/www.rotarylaquila.it\/wp-content\/uploads\/2017\/10\/22256645_688064834736550_6256828963121646356_o-300x225.jpg 300w, http:\/\/www.rotarylaquila.it\/wp-content\/uploads\/2017\/10\/22256645_688064834736550_6256828963121646356_o-768x576.jpg 768w, http:\/\/www.rotarylaquila.it\/wp-content\/uploads\/2017\/10\/22256645_688064834736550_6256828963121646356_o-1024x768.jpg 1024w, http:\/\/www.rotarylaquila.it\/wp-content\/uploads\/2017\/10\/22256645_688064834736550_6256828963121646356_o-175x131.jpg 175w, http:\/\/www.rotarylaquila.it\/wp-content\/uploads\/2017\/10\/22256645_688064834736550_6256828963121646356_o-667x500.jpg 667w, http:\/\/www.rotarylaquila.it\/wp-content\/uploads\/2017\/10\/22256645_688064834736550_6256828963121646356_o.jpg 2048w\" sizes=\"auto, (max-width: 300px) 100vw, 300px\" \/><\/a><a href=\"http:\/\/www.rotarylaquila.it\/wp-content\/uploads\/2017\/10\/22291416_688064561403244_5685453634217464471_o.jpg\"><img loading=\"lazy\" decoding=\"async\" class=\"alignleft size-medium wp-image-1537\" src=\"http:\/\/www.rotarylaquila.it\/wp-content\/uploads\/2017\/10\/22291416_688064561403244_5685453634217464471_o-300x225.jpg\" alt=\"\" width=\"300\" height=\"225\" srcset=\"http:\/\/www.rotarylaquila.it\/wp-content\/uploads\/2017\/10\/22291416_688064561403244_5685453634217464471_o-300x225.jpg 300w, http:\/\/www.rotarylaquila.it\/wp-content\/uploads\/2017\/10\/22291416_688064561403244_5685453634217464471_o-768x576.jpg 768w, http:\/\/www.rotarylaquila.it\/wp-content\/uploads\/2017\/10\/22291416_688064561403244_5685453634217464471_o-1024x768.jpg 1024w, http:\/\/www.rotarylaquila.it\/wp-content\/uploads\/2017\/10\/22291416_688064561403244_5685453634217464471_o-175x131.jpg 175w, http:\/\/www.rotarylaquila.it\/wp-content\/uploads\/2017\/10\/22291416_688064561403244_5685453634217464471_o-667x500.jpg 667w, http:\/\/www.rotarylaquila.it\/wp-content\/uploads\/2017\/10\/22291416_688064561403244_5685453634217464471_o.jpg 2048w\" sizes=\"auto, (max-width: 300px) 100vw, 300px\" \/><\/a> <a href=\"http:\/\/www.rotarylaquila.it\/wp-content\/uploads\/2017\/10\/22338830_688152011394499_3287023053098352577_o.jpg\"><img loading=\"lazy\" decoding=\"async\" class=\"alignleft size-medium wp-image-1538\" src=\"http:\/\/www.rotarylaquila.it\/wp-content\/uploads\/2017\/10\/22338830_688152011394499_3287023053098352577_o-300x223.jpg\" alt=\"\" width=\"300\" height=\"223\" srcset=\"http:\/\/www.rotarylaquila.it\/wp-content\/uploads\/2017\/10\/22338830_688152011394499_3287023053098352577_o-300x223.jpg 300w, http:\/\/www.rotarylaquila.it\/wp-content\/uploads\/2017\/10\/22338830_688152011394499_3287023053098352577_o-768x572.jpg 768w, http:\/\/www.rotarylaquila.it\/wp-content\/uploads\/2017\/10\/22338830_688152011394499_3287023053098352577_o-1024x762.jpg 1024w, http:\/\/www.rotarylaquila.it\/wp-content\/uploads\/2017\/10\/22338830_688152011394499_3287023053098352577_o-175x131.jpg 175w, http:\/\/www.rotarylaquila.it\/wp-content\/uploads\/2017\/10\/22338830_688152011394499_3287023053098352577_o-672x500.jpg 672w, http:\/\/www.rotarylaquila.it\/wp-content\/uploads\/2017\/10\/22338830_688152011394499_3287023053098352577_o.jpg 1440w\" sizes=\"auto, (max-width: 300px) 100vw, 300px\" \/><\/a> <a href=\"http:\/\/www.rotarylaquila.it\/wp-content\/uploads\/2017\/10\/22338897_688065001403200_5252083662954895102_o.jpg\"><img loading=\"lazy\" decoding=\"async\" class=\"alignleft size-medium wp-image-1539\" src=\"http:\/\/www.rotarylaquila.it\/wp-content\/uploads\/2017\/10\/22338897_688065001403200_5252083662954895102_o-300x225.jpg\" alt=\"\" width=\"300\" height=\"225\" srcset=\"http:\/\/www.rotarylaquila.it\/wp-content\/uploads\/2017\/10\/22338897_688065001403200_5252083662954895102_o-300x225.jpg 300w, http:\/\/www.rotarylaquila.it\/wp-content\/uploads\/2017\/10\/22338897_688065001403200_5252083662954895102_o-768x576.jpg 768w, http:\/\/www.rotarylaquila.it\/wp-content\/uploads\/2017\/10\/22338897_688065001403200_5252083662954895102_o-1024x768.jpg 1024w, http:\/\/www.rotarylaquila.it\/wp-content\/uploads\/2017\/10\/22338897_688065001403200_5252083662954895102_o-175x131.jpg 175w, http:\/\/www.rotarylaquila.it\/wp-content\/uploads\/2017\/10\/22338897_688065001403200_5252083662954895102_o-667x500.jpg 667w, http:\/\/www.rotarylaquila.it\/wp-content\/uploads\/2017\/10\/22338897_688065001403200_5252083662954895102_o.jpg 2048w\" sizes=\"auto, (max-width: 300px) 100vw, 300px\" \/><\/a> <a href=\"http:\/\/www.rotarylaquila.it\/wp-content\/uploads\/2017\/10\/22339147_688064638069903_6478389605981056107_o.jpg\"><img loading=\"lazy\" decoding=\"async\" class=\"alignleft size-medium wp-image-1540\" src=\"http:\/\/www.rotarylaquila.it\/wp-content\/uploads\/2017\/10\/22339147_688064638069903_6478389605981056107_o-300x225.jpg\" alt=\"\" width=\"300\" height=\"225\" srcset=\"http:\/\/www.rotarylaquila.it\/wp-content\/uploads\/2017\/10\/22339147_688064638069903_6478389605981056107_o-300x225.jpg 300w, http:\/\/www.rotarylaquila.it\/wp-content\/uploads\/2017\/10\/22339147_688064638069903_6478389605981056107_o-768x576.jpg 768w, http:\/\/www.rotarylaquila.it\/wp-content\/uploads\/2017\/10\/22339147_688064638069903_6478389605981056107_o-1024x768.jpg 1024w, http:\/\/www.rotarylaquila.it\/wp-content\/uploads\/2017\/10\/22339147_688064638069903_6478389605981056107_o-175x131.jpg 175w, http:\/\/www.rotarylaquila.it\/wp-content\/uploads\/2017\/10\/22339147_688064638069903_6478389605981056107_o-667x500.jpg 667w, http:\/\/www.rotarylaquila.it\/wp-content\/uploads\/2017\/10\/22339147_688064638069903_6478389605981056107_o.jpg 2048w\" sizes=\"auto, (max-width: 300px) 100vw, 300px\" \/><\/a> <a href=\"http:\/\/www.rotarylaquila.it\/wp-content\/uploads\/2017\/10\/22339716_688064214736612_1686750586460648589_o.jpg\"><img loading=\"lazy\" decoding=\"async\" class=\"alignleft size-medium wp-image-1541\" src=\"http:\/\/www.rotarylaquila.it\/wp-content\/uploads\/2017\/10\/22339716_688064214736612_1686750586460648589_o-300x225.jpg\" alt=\"\" width=\"300\" height=\"225\" srcset=\"http:\/\/www.rotarylaquila.it\/wp-content\/uploads\/2017\/10\/22339716_688064214736612_1686750586460648589_o-300x225.jpg 300w, http:\/\/www.rotarylaquila.it\/wp-content\/uploads\/2017\/10\/22339716_688064214736612_1686750586460648589_o-768x576.jpg 768w, http:\/\/www.rotarylaquila.it\/wp-content\/uploads\/2017\/10\/22339716_688064214736612_1686750586460648589_o-175x131.jpg 175w, http:\/\/www.rotarylaquila.it\/wp-content\/uploads\/2017\/10\/22339716_688064214736612_1686750586460648589_o-667x500.jpg 667w, http:\/\/www.rotarylaquila.it\/wp-content\/uploads\/2017\/10\/22339716_688064214736612_1686750586460648589_o.jpg 1000w\" sizes=\"auto, (max-width: 300px) 100vw, 300px\" \/><\/a><\/p>\n","protected":false},"excerpt":{"rendered":"<p>Domenica 8 ottobre in una bellissima giornata di sole, sotto un cielo azzurro come il logo internazionale di \u201cUnited for Diabetes\u201d, circa 150 persone hanno aderito in Piazza Duomo alla VII edizione del Dia-Rotary, campagna di informazione , prevenzione e screening del diabete organizzato dal Rotary Club L\u2019Aquila, in collaborazione con Inner Wheel, Rotaract, Associazione &hellip; <\/p>\n<p class=\"link-more\"><a href=\"http:\/\/www.rotarylaquila.it\/?page_id=1522\" class=\"more-link\">Leggi tutto<span class=\"screen-reader-text\"> &#8220;DIA ROTARY 2017&#8221;<\/span><\/a><\/p>\n","protected":false},"author":1,"featured_media":1541,"parent":0,"menu_order":0,"comment_status":"closed","ping_status":"closed","template":"","meta":{"footnotes":""},"class_list":["post-1522","page","type-page","status-publish","has-post-thumbnail","hentry"],"_links":{"self":[{"href":"http:\/\/www.rotarylaquila.it\/index.php?rest_route=\/wp\/v2\/pages\/1522","targetHints":{"allow":["GET"]}}],"collection":[{"href":"http:\/\/www.rotarylaquila.it\/index.php?rest_route=\/wp\/v2\/pages"}],"about":[{"href":"http:\/\/www.rotarylaquila.it\/index.php?rest_route=\/wp\/v2\/types\/page"}],"author":[{"embeddable":true,"href":"http:\/\/www.rotarylaquila.it\/index.php?rest_route=\/wp\/v2\/users\/1"}],"replies":[{"embeddable":true,"href":"http:\/\/www.rotarylaquila.it\/index.php?rest_route=%2Fwp%2Fv2%2Fcomments&post=1522"}],"version-history":[{"count":3,"href":"http:\/\/www.rotarylaquila.it\/index.php?rest_route=\/wp\/v2\/pages\/1522\/revisions"}],"predecessor-version":[{"id":1542,"href":"http:\/\/www.rotarylaquila.it\/index.php?rest_route=\/wp\/v2\/pages\/1522\/revisions\/1542"}],"wp:featuredmedia":[{"embeddable":true,"href":"http:\/\/www.rotarylaquila.it\/index.php?rest_route=\/wp\/v2\/media\/1541"}],"wp:attachment":[{"href":"http:\/\/www.rotarylaquila.it\/index.php?rest_route=%2Fwp%2Fv2%2Fmedia&parent=1522"}],"curies":[{"name":"wp","href":"https:\/\/api.w.org\/{rel}","templated":true}]}}