{"id":2264,"date":"2020-07-06T17:00:00","date_gmt":"2020-07-06T15:00:00","guid":{"rendered":"http:\/\/www.rotarylaquila.it\/?page_id=2264"},"modified":"2021-08-03T17:00:56","modified_gmt":"2021-08-03T15:00:56","slug":"la-presidente-marisa-dandrea","status":"publish","type":"page","link":"http:\/\/www.rotarylaquila.it\/?page_id=2264","title":{"rendered":"La presidente Marisa D&#8217;Andrea"},"content":{"rendered":"\n<p><\/p>\n\n\n\n<figure class=\"wp-block-image size-large\"><img loading=\"lazy\" decoding=\"async\" width=\"1024\" height=\"718\" src=\"http:\/\/www.rotarylaquila.it\/wp-content\/uploads\/2020\/09\/Marisa_D_Andrea_presidente_rotary_l_aquila_2020-21-1024x718.jpg\" alt=\"\" class=\"wp-image-1921\" srcset=\"http:\/\/www.rotarylaquila.it\/wp-content\/uploads\/2020\/09\/Marisa_D_Andrea_presidente_rotary_l_aquila_2020-21-1024x718.jpg 1024w, http:\/\/www.rotarylaquila.it\/wp-content\/uploads\/2020\/09\/Marisa_D_Andrea_presidente_rotary_l_aquila_2020-21-300x210.jpg 300w, http:\/\/www.rotarylaquila.it\/wp-content\/uploads\/2020\/09\/Marisa_D_Andrea_presidente_rotary_l_aquila_2020-21-768x538.jpg 768w, http:\/\/www.rotarylaquila.it\/wp-content\/uploads\/2020\/09\/Marisa_D_Andrea_presidente_rotary_l_aquila_2020-21.jpg 1164w\" sizes=\"auto, (max-width: 767px) 89vw, (max-width: 1000px) 54vw, (max-width: 1071px) 543px, 580px\" \/><\/figure>\n\n\n\n<p>\u00c8 la dottoressa&nbsp;<strong>Marisa D&#8217;Andrea<\/strong>&nbsp;la nuova presidentessa del&nbsp;<strong>Rotary club L&#8217;Aquila<\/strong>.<\/p>\n\n\n\n<p><strong>La presidente entrante, Marisa D&#8217;Andrea \u00e8 medico pediatra molto apprezzata in citt\u00e0 e di grande professionalit\u00e0.<\/strong>&nbsp;Nel discorso di insediamento ha ringraziato Fonzi e il direttivo uscente. &#8220;Sappiamo di dover continuare ad affrontare un periodo duro &#8211; ha detto D&#8217;Andrea- ma non ci perdiamo certo d&#8217;animo e proseguiremo nella missione Rotariana con la determinazione di sempre. Abbiamo vissuto situazioni impattanti e imprevedibili. Ci apriamo alla speranza. \u00c8 il momento di dare corpo alle parole ed essere di sostegno alla nostra comunit\u00e0. Dobbiamo aprire di pi\u00f9 alle donne e a loro dare incarichi di sempre maggiore impegno.&#8221;<\/p>\n","protected":false},"excerpt":{"rendered":"<p>\u00c8 la dottoressa&nbsp;Marisa D&#8217;Andrea&nbsp;la nuova presidentessa del&nbsp;Rotary club L&#8217;Aquila. La presidente entrante, Marisa D&#8217;Andrea \u00e8 medico pediatra molto apprezzata in citt\u00e0 e di grande professionalit\u00e0.&nbsp;Nel discorso di insediamento ha ringraziato Fonzi e il direttivo uscente. &#8220;Sappiamo di dover continuare ad affrontare un periodo duro &#8211; ha detto D&#8217;Andrea- ma non ci perdiamo certo d&#8217;animo e &hellip; <\/p>\n<p class=\"link-more\"><a href=\"http:\/\/www.rotarylaquila.it\/?page_id=2264\" class=\"more-link\">Leggi tutto<span class=\"screen-reader-text\"> &#8220;La presidente Marisa D&#8217;Andrea&#8221;<\/span><\/a><\/p>\n","protected":false},"author":1,"featured_media":0,"parent":0,"menu_order":0,"comment_status":"closed","ping_status":"closed","template":"","meta":{"footnotes":""},"class_list":["post-2264","page","type-page","status-publish","hentry"],"_links":{"self":[{"href":"http:\/\/www.rotarylaquila.it\/index.php?rest_route=\/wp\/v2\/pages\/2264","targetHints":{"allow":["GET"]}}],"collection":[{"href":"http:\/\/www.rotarylaquila.it\/index.php?rest_route=\/wp\/v2\/pages"}],"about":[{"href":"http:\/\/www.rotarylaquila.it\/index.php?rest_route=\/wp\/v2\/types\/page"}],"author":[{"embeddable":true,"href":"http:\/\/www.rotarylaquila.it\/index.php?rest_route=\/wp\/v2\/users\/1"}],"replies":[{"embeddable":true,"href":"http:\/\/www.rotarylaquila.it\/index.php?rest_route=%2Fwp%2Fv2%2Fcomments&post=2264"}],"version-history":[{"count":1,"href":"http:\/\/www.rotarylaquila.it\/index.php?rest_route=\/wp\/v2\/pages\/2264\/revisions"}],"predecessor-version":[{"id":2265,"href":"http:\/\/www.rotarylaquila.it\/index.php?rest_route=\/wp\/v2\/pages\/2264\/revisions\/2265"}],"wp:attachment":[{"href":"http:\/\/www.rotarylaquila.it\/index.php?rest_route=%2Fwp%2Fv2%2Fmedia&parent=2264"}],"curies":[{"name":"wp","href":"https:\/\/api.w.org\/{rel}","templated":true}]}}