{"id":2510,"date":"2022-07-06T17:10:00","date_gmt":"2022-07-06T15:10:00","guid":{"rendered":"http:\/\/www.rotarylaquila.it\/?page_id=2510"},"modified":"2023-08-06T18:29:06","modified_gmt":"2023-08-06T16:29:06","slug":"la-presidente-patrizia-masciovecchio","status":"publish","type":"page","link":"http:\/\/www.rotarylaquila.it\/?page_id=2510","title":{"rendered":"La presidente Patrizia Masciovecchio"},"content":{"rendered":"\n<p class=\"has-text-align-left\"><img loading=\"lazy\" decoding=\"async\" width=\"300\" height=\"344\" class=\"wp-image-2501\" style=\"width: 300px;\" src=\"http:\/\/www.rotarylaquila.it\/wp-content\/uploads\/2022\/08\/patrizia.jpg\" alt=\"\" srcset=\"http:\/\/www.rotarylaquila.it\/wp-content\/uploads\/2022\/08\/patrizia.jpg 840w, http:\/\/www.rotarylaquila.it\/wp-content\/uploads\/2022\/08\/patrizia-261x300.jpg 261w, http:\/\/www.rotarylaquila.it\/wp-content\/uploads\/2022\/08\/patrizia-768x881.jpg 768w\" sizes=\"auto, (max-width: 300px) 100vw, 300px\" \/><\/p>\n\n\n\n<p class=\"has-text-align-left\">L\u2019AQUILA \u2013 La dottoressa&nbsp;<strong>Patrizia Masciovecchio<\/strong>&nbsp;\u00e8 la nuova presidente del&nbsp;<strong>Rotary club L\u2019Aquila<\/strong>.<\/p>\n\n\n\n<p><strong>Professionalit\u00e0 di rilievo in citt\u00e0,<\/strong> nata a L&#8217;Aquila \u00e8 nota <strong>specialista in medicina legale e criminologia clinica e medicina delle assicurazioni.<\/strong><br><strong>Gi\u00e0 Direttore UOC Medicina Legale ASL 1 Abruzzo<\/strong> e direttore del Dipartimento per l&#8217;assistenza di base, la sua professione nella sanit\u00e0 pubblica <strong>\u00e8 stata sempre rivolta a garantire i diritti dei cittadini invalidi e portatori di disabilit\u00e0.<\/strong><\/p>\n\n\n\n<p>La cerimonia per il tradizionale passaggio del martelletto per il nuovo anno sociale 2022-2023 si \u00e8 tenuta il 5 luglio 2022 a Casale Signorini alla presenza, tra gli altri, del prefetto\u00a0<strong>Cinzia Torraco<\/strong>, dei dirigenti dei Rotary della provincia dell\u2019Aquila e dei service cittadini.<\/p>\n\n\n\n<p>Nel corso della serata passaggio di consegne anche per il Rotaract (i giovani rotaractiani). Infatti&nbsp;<strong>Camilla De Nicola<\/strong>&nbsp;ha ceduto il collare di presidente a&nbsp;<strong>Alexandra Fonzi<\/strong>.<br>\u201cOra ho a disposizione un anno per proseguire nel solco virtuoso tracciato dai miei predecessori -, ha affermato la neo presidente Masciovecchio \u2013 per potenziare ancora di pi\u00f9 il nostro club attraverso azioni concrete, da realizzare in condivisione tra i soci ricercando e trovando un rinnovato e sempre pi\u00f9 intenso rapporto con il territorio\u201d.<\/p>\n\n\n\n<p>Poi la presidente ha anticipato una notizia importante. Un premio intitolato all\u2019architetto&nbsp;<strong>Ruggero Ruggeri<\/strong>&nbsp;che si sostanzia in una borsa di studio di 5.000 dollari annui per 10 anni da assegnare a giovani studenti di architettura della provincia dell\u2019Aquila. La donazione \u00e8 frutto della generosit\u00e0 di un mecenate d\u2019oltre oceano. Questa la composizione del nuovo direttivo del Rotary Club L\u2019Aquila: vicepresidente&nbsp;<strong>Nicoletta Proietti,<\/strong>&nbsp;segretario&nbsp;<strong>Giovanna Renzetti<\/strong>, tesoriere&nbsp;<strong>Carlo Fonzi<\/strong>, prefetto&nbsp;<strong>Luca Pantanella<\/strong>, consiglieri&nbsp;<strong>Carlo Cecati, Giulia Biscotti, Ada D\u2019Alessandro.<\/strong><\/p>\n","protected":false},"excerpt":{"rendered":"<p>L\u2019AQUILA \u2013 La dottoressa&nbsp;Patrizia Masciovecchio&nbsp;\u00e8 la nuova presidente del&nbsp;Rotary club L\u2019Aquila. Professionalit\u00e0 di rilievo in citt\u00e0, nata a L&#8217;Aquila \u00e8 nota specialista in medicina legale e criminologia clinica e medicina delle assicurazioni.Gi\u00e0 Direttore UOC Medicina Legale ASL 1 Abruzzo e direttore del Dipartimento per l&#8217;assistenza di base, la sua professione nella sanit\u00e0 pubblica \u00e8 stata &hellip; <\/p>\n<p class=\"link-more\"><a href=\"http:\/\/www.rotarylaquila.it\/?page_id=2510\" class=\"more-link\">Leggi tutto<span class=\"screen-reader-text\"> &#8220;La presidente Patrizia Masciovecchio&#8221;<\/span><\/a><\/p>\n","protected":false},"author":1,"featured_media":0,"parent":0,"menu_order":0,"comment_status":"closed","ping_status":"closed","template":"","meta":{"footnotes":""},"class_list":["post-2510","page","type-page","status-publish","hentry"],"_links":{"self":[{"href":"http:\/\/www.rotarylaquila.it\/index.php?rest_route=\/wp\/v2\/pages\/2510","targetHints":{"allow":["GET"]}}],"collection":[{"href":"http:\/\/www.rotarylaquila.it\/index.php?rest_route=\/wp\/v2\/pages"}],"about":[{"href":"http:\/\/www.rotarylaquila.it\/index.php?rest_route=\/wp\/v2\/types\/page"}],"author":[{"embeddable":true,"href":"http:\/\/www.rotarylaquila.it\/index.php?rest_route=\/wp\/v2\/users\/1"}],"replies":[{"embeddable":true,"href":"http:\/\/www.rotarylaquila.it\/index.php?rest_route=%2Fwp%2Fv2%2Fcomments&post=2510"}],"version-history":[{"count":5,"href":"http:\/\/www.rotarylaquila.it\/index.php?rest_route=\/wp\/v2\/pages\/2510\/revisions"}],"predecessor-version":[{"id":2532,"href":"http:\/\/www.rotarylaquila.it\/index.php?rest_route=\/wp\/v2\/pages\/2510\/revisions\/2532"}],"wp:attachment":[{"href":"http:\/\/www.rotarylaquila.it\/index.php?rest_route=%2Fwp%2Fv2%2Fmedia&parent=2510"}],"curies":[{"name":"wp","href":"https:\/\/api.w.org\/{rel}","templated":true}]}}