{"id":3215,"date":"2025-02-08T11:33:28","date_gmt":"2025-02-08T10:33:28","guid":{"rendered":"http:\/\/www.rotarylaquila.it\/?page_id=3215"},"modified":"2025-02-08T14:10:14","modified_gmt":"2025-02-08T13:10:14","slug":"borsa-di-studio-ruggero-ruggeri","status":"publish","type":"page","link":"http:\/\/www.rotarylaquila.it\/?page_id=3215","title":{"rendered":"BORSA DI STUDIO &#8220;RUGGERO RUGGERI&#8221;"},"content":{"rendered":"\n<h2 class=\"wp-block-heading\"><span class=\"has-inline-color has-black-color\"><em>In memoria del <strong>Past President architetto Ruggero Ruggeri <\/strong>(L&#8217;Aquila 22\/04\/1942-14\/07\/2018).<\/em>&nbsp;<\/span><\/h2>\n\n\n\n<p class=\"has-text-align-center\"><strong><span class=\"has-inline-color has-vivid-red-color\"><a href=\"http:\/\/www.rotarylaquila.it\/?p=3225\">pubblicato il bando<\/a> ROTARY L&#8217;AQUILA per l&#8217;edizione 2025<\/span><\/strong><\/p>\n\n\n\n<p><strong>L&#8217;intento del presente bando \u00e8 quello di sostenere il talento di un\/a giovane studente\/essa, al fine di onorare la memoria di un valente architetto aquilano, le cui doti professionali non furono disgiunte da alti valori etici.<\/strong>&nbsp;<\/p>\n\n\n\n<p><strong>2024 &#8211; 2029  PER CINQUE ANNI IL ROTARY L&#8217;AQUILA SARA&#8217; AL FIANCO DEGLI STUDENTI PIU&#8217; TALENTUOSI<\/strong> iscritti a un corso di laurea in <strong>Architettura o Ingegneria Edile Architettura<\/strong>.<\/p>\n\n\n\n<p><strong>Il bando \u00e8 rivolto a studenti meritevoli, residenti nella citt\u00e0 dell&#8217;Aquila e provincia che abbiano dimostrato un forte impegno e talento nel campo dell&#8217;architettura, conseguendo ottimi risultati accademici.&nbsp;<\/strong><\/p>\n\n\n\n<div class=\"wp-block-group\"><div class=\"wp-block-group__inner-container is-layout-flow wp-block-group-is-layout-flow\">\n<p>Breve Biografia dell&#8217;Arch. Ruggero Ruggeri. <em>Laureato in legge, successivamente, seguendo la propria inclinazione, ha conseguito anche la laurea in architettura presso l&#8217;Universit\u00e0 di Pescara.&nbsp;Ha lavorato in Abruzzo, a Roma, nelle isole Eolie, in Sicilia e a Boston. \u00c8 stato iscritto al Rotary Club L&#8217;Aquila dal 06\/06\/1989 fino alla sua morte, avvenuta il&nbsp;14\/07\/2018.&nbsp;Ha ricoperto la carica di Presidente di Club nell&#8217;anno roariano 2011\/2012.<\/em><\/p>\n<\/div><\/div>\n\n\n\n<p>La borsa di studio, che ammonta complessivamente a 25.000 dollari, \u00e8 sostenuta da un caro amico dell&#8217;architetto Ruggeri, l&#8217;imprenditore Carlo Ruggeri, profondamente legato alle sue radici e alla citt\u00e0 dell&#8217;Aquila, che cos\u00ec esprime l&#8217;affettuoso ricordo del professionista:&nbsp;<em>&lt;&lt;\u00e8 mia intenzione rendere omaggio alla memoria dell&#8217;Arch. Ruggero Ruggeri<\/em>, <em>il cui talento nell&#8217;architettura si distingueva per il gusto particolarmente raffinato della forma. Un talento nella professione che esprimeva e rifletteva in maniera inconfondibile la natura gentile<\/em>, <em>delicata e indimenticabile della sua persona\u00bb.<\/em>  La borsa di studio, pari a 5.000 dollari l&#8217;anno, viene conferita e diffusa per la seconda annualit\u00e0 con una nuova edizione del bando stesso. Ai successivi bandi non potr\u00e0 partecipare il vincitore delle passate edizioni. Il vincitore di ogni edizione sar\u00e0 libero di utilizzare l&#8217;importo nella maniera che riterr\u00e0 pi\u00f9 opportuna.<\/p>\n\n\n\n<figure class=\"wp-block-pullquote\"><blockquote><p><strong>SECONDA EDIZIONE &#8211; anno 2025<\/strong> <strong><span class=\"has-inline-color has-vivid-red-color\">in corso<\/span><\/strong><\/p><cite><em>SCADENZA TERMINI DI PARTECIPAZIONE<\/em><br><span class=\"has-inline-color has-vivid-red-color\">24 MARZO 2025<\/span><br>Il\/la vincitore\/trice della borsa di studio<br><strong>sar\u00e0 proclamato entro il 15 maggio 2025<\/strong><\/cite><\/blockquote><\/figure>\n\n\n\n<div class=\"wp-block-group\"><div class=\"wp-block-group__inner-container is-layout-flow wp-block-group-is-layout-flow\">\n<p class=\"has-text-align-center\"><strong>SCARICA IL BANDO COMPLETO<\/strong> <\/p>\n<\/div><\/div>\n\n\n\n<div class=\"wp-block-file\"><a href=\"http:\/\/www.rotarylaquila.it\/wp-content\/uploads\/2025\/02\/BANDO-DI-CONCORSO-RUGGERO-RUGGERI-EDIZIONE-2025.pdf\">BANDO-DI-CONCORSO-RUGGERO-RUGGERI-EDIZIONE-2025<\/a><a href=\"http:\/\/www.rotarylaquila.it\/wp-content\/uploads\/2025\/02\/BANDO-DI-CONCORSO-RUGGERO-RUGGERI-EDIZIONE-2025.pdf\" class=\"wp-block-file__button\" download>Download<\/a><\/div>\n\n\n\n<div class=\"wp-block-file\"><a href=\"http:\/\/www.rotarylaquila.it\/wp-content\/uploads\/2025\/02\/DOMANDA-DI-PARTECIPAZIONE-BORSA-DI-STUDIO-RUGGERI-ALLEGATO-1-2025.pdf\">DOMANDA-DI-PARTECIPAZIONE-BORSA-DI-STUDIO-RUGGERI-ALLEGATO-1-2025<\/a><a href=\"http:\/\/www.rotarylaquila.it\/wp-content\/uploads\/2025\/02\/DOMANDA-DI-PARTECIPAZIONE-BORSA-DI-STUDIO-RUGGERI-ALLEGATO-1-2025.pdf\" class=\"wp-block-file__button\" download>Download<\/a><\/div>\n\n\n\n<hr class=\"wp-block-separator\"\/>\n\n\n\n<p><\/p>\n\n\n\n<p class=\"has-text-align-center\"><strong>&#8211;  PASSATE EDIZIONI &#8211;<\/strong><\/p>\n\n\n\n<p class=\"has-text-align-center\"><a href=\"http:\/\/www.rotarylaquila.it\/?p=2875\" target=\"_blank\" rel=\"noreferrer noopener\"><strong>PRIMA EDIZIONE &#8211; anno 2024 &#8211; vincitore FERDINANDO TEMPESTA<\/strong><\/a><\/p>\n","protected":false},"excerpt":{"rendered":"<p>In memoria del Past President architetto Ruggero Ruggeri (L&#8217;Aquila 22\/04\/1942-14\/07\/2018).&nbsp; pubblicato il bando ROTARY L&#8217;AQUILA per l&#8217;edizione 2025 L&#8217;intento del presente bando \u00e8 quello di sostenere il talento di un\/a giovane studente\/essa, al fine di onorare la memoria di un valente architetto aquilano, le cui doti professionali non furono disgiunte da alti valori etici.&nbsp; 2024 &hellip; <\/p>\n<p class=\"link-more\"><a href=\"http:\/\/www.rotarylaquila.it\/?page_id=3215\" class=\"more-link\">Leggi tutto<span class=\"screen-reader-text\"> &#8220;BORSA DI STUDIO &#8220;RUGGERO RUGGERI&#8221;&#8221;<\/span><\/a><\/p>\n","protected":false},"author":1,"featured_media":2876,"parent":0,"menu_order":0,"comment_status":"closed","ping_status":"closed","template":"","meta":{"footnotes":""},"class_list":["post-3215","page","type-page","status-publish","has-post-thumbnail","hentry"],"_links":{"self":[{"href":"http:\/\/www.rotarylaquila.it\/index.php?rest_route=\/wp\/v2\/pages\/3215","targetHints":{"allow":["GET"]}}],"collection":[{"href":"http:\/\/www.rotarylaquila.it\/index.php?rest_route=\/wp\/v2\/pages"}],"about":[{"href":"http:\/\/www.rotarylaquila.it\/index.php?rest_route=\/wp\/v2\/types\/page"}],"author":[{"embeddable":true,"href":"http:\/\/www.rotarylaquila.it\/index.php?rest_route=\/wp\/v2\/users\/1"}],"replies":[{"embeddable":true,"href":"http:\/\/www.rotarylaquila.it\/index.php?rest_route=%2Fwp%2Fv2%2Fcomments&post=3215"}],"version-history":[{"count":5,"href":"http:\/\/www.rotarylaquila.it\/index.php?rest_route=\/wp\/v2\/pages\/3215\/revisions"}],"predecessor-version":[{"id":3265,"href":"http:\/\/www.rotarylaquila.it\/index.php?rest_route=\/wp\/v2\/pages\/3215\/revisions\/3265"}],"wp:featuredmedia":[{"embeddable":true,"href":"http:\/\/www.rotarylaquila.it\/index.php?rest_route=\/wp\/v2\/media\/2876"}],"wp:attachment":[{"href":"http:\/\/www.rotarylaquila.it\/index.php?rest_route=%2Fwp%2Fv2%2Fmedia&parent=3215"}],"curies":[{"name":"wp","href":"https:\/\/api.w.org\/{rel}","templated":true}]}}