{"id":462,"date":"2015-07-11T01:35:47","date_gmt":"2015-07-10T23:35:47","guid":{"rendered":"http:\/\/www.rotarylaquila.it\/?page_id=462"},"modified":"2015-08-09T23:38:14","modified_gmt":"2015-08-09T21:38:14","slug":"lettera-luglio-2015","status":"publish","type":"page","link":"http:\/\/www.rotarylaquila.it\/?page_id=462","title":{"rendered":"LETTERA &#8211; LUGLIO 2015"},"content":{"rendered":"<p><img loading=\"lazy\" decoding=\"async\" class=\"alignright size-medium wp-image-465\" src=\"http:\/\/www.rotarylaquila.it\/wp-content\/uploads\/2015\/07\/siatedononelmondo-300x223.jpg\" alt=\"siatedononelmondo\" width=\"300\" height=\"223\" srcset=\"http:\/\/www.rotarylaquila.it\/wp-content\/uploads\/2015\/07\/siatedononelmondo-300x223.jpg 300w, http:\/\/www.rotarylaquila.it\/wp-content\/uploads\/2015\/07\/siatedononelmondo-175x131.jpg 175w, http:\/\/www.rotarylaquila.it\/wp-content\/uploads\/2015\/07\/siatedononelmondo.jpg 360w\" sizes=\"auto, (max-width: 300px) 100vw, 300px\" \/><em>LETTERA LUGLIO<\/em><\/p>\n<p><em>\u00a0\u00a0 Cari amici,<\/em><\/p>\n<p><em>nello scrivere questa prima lettera provo sensazioni contrastanti: preoccupazione mista a orgoglio e soddisfazione. E\u2019 una grande responsabilit\u00e0 rivolgermi a tutti voi con questi appuntamenti mensili, ma il piacere di parlare di qualcosa che sento mio e a cui io stesso appartengo \u00e8 talmente forte che supera il timore di commettere qualche errore.<\/em><\/p>\n<p><em>Si \u00e8 spenta da poco l\u2019eco delle consegne ed \u00e8 gi\u00e0 l\u2019ora di ripartire. Desidero, innanzitutto, esprimere tutta la mia riconoscenza all\u2019amico Marco per la grande sensibilit\u00e0 e professionalit\u00e0 con le quali ha condotto il Distretto.<\/em><\/p>\n<p><em>\u00a0\u00a0 Voglio anche ringraziare tutti i partecipanti all\u2019Assemblea di Ortona, veramente tanti: oltre le previsioni pi\u00f9 rosee. Una presenza cos\u00ec numerosa mi ha fornito stimoli importanti per il mio mandato. Sono sicuro che noi \u201c Wordl Class 2015 \u2013 2016\u201d rimarremo sempre coesi e capaci di esprimere il meglio dei valori rotariani votati all\u2019impegno e all\u2019azione verso il prossimo.<\/em><\/p>\n<p><em>\u00a0\u00a0 E\u2019, quindi, iniziato un nuovo anno rotariano ispirato al motto del P.I. Ravindran \u201cSiate dono nel mondo\u201d. Ciascuno di noi \u00e8 chiamato ad un grande impegno, che dobbiamo onorare nel migliore dei modi per rispetto ai principi in cui tutti ci riconosciamo.<\/em><\/p>\n<p><em>Afferma Ravindran: \u201c Tutti noi abbiamo ricevuto molti doni dalla vita e adesso dobbiamo usare tutti i nostri talenti, conoscenze, capacit\u00e0 e sforzi, per diventare dono nel mondo. Dobbiamo donare la nostra fiducia, dedizione, impegno e compassione per essere noi stessi doni nel mondo\u201d. E\u2019 d\u2019obbligo, perci\u00f2, trasformare il nostro potenziale in realt\u00e0 per migliorare la vita degli altri.<\/em><\/p>\n<p><em>\u00a0\u00a0 Tutti i mandati del Rotary durano un anno, non un giorno in pi\u00f9, e in questo anno ciascuno di noi deve dare il meglio di se stesso affinch\u00e9 si possano raggiungere tutti gli obiettivi che il Rotary ci indica. Uno di questi \u00e8 l\u2019eradicazione della polio e a tal proposito Ravindran ha dichiarato: \u201cUn futuro che abbiamo promesso ai bambini del mondo. E manterremo la nostra promessa\u201d. Oggi la polio \u00e8 endemica solo in tre paesi: Afganistan, Nigeria e Pakistan e nel 2014 sono stati riportati solo 333 casi. Noi crediamo nelle parole di Ravi e ribadiamo con lui: \u201cContinueremo la lotta e vinceremo\u201d.<\/em><\/p>\n<p><em>\u00a0\u00a0 Certo per vincere le sfide bisogna essere in tanti e aumentare l\u2019effettivo. Per riuscirci secondo Ravindran: \u201cDobbiamo ripartire dai valori di base della nostra organizzazione: l\u2019enfasi sugli alti valori etici in tutti gli aspetti della nostra vita e il sistema delle classificazioni che incoraggia la diversit\u00e0 delle competenze in ogni Club. Troppo spesso queste idee vengono viste come ostacoli inconvenienti per l\u2019aumento dell\u2019effettivo mentre, sono state essenziali per il successo del Rotary e non possiamo rischiare di ignorarle\u201d. Tutto questo non \u00e8 facile, ma riposizionando la nostra immagine, che ha perso la sua rilevanza in molte parti del mondo, il Rotary pu\u00f2 continuare a crescere ed attrarre nuovi soci, incoraggiando a una maggiore partecipazione quelli attuali. Affinch\u00e9 questo avvenga bisogna cambiare il nostro modo di pensare al Rotary ed uscire da quel bozzolo che ci protegge e gratifica. Bisogna portare dentro i giovani, specialmente rotaractiani, con energie idonee e conseguire obiettivi nuovi ed elevati per servire le comunit\u00e0 locali e internazionali, ma come Ravindran ha ribadito, anche i giovani pensionati, detentori di elevate professionalit\u00e0, possono essere ancora utili al Rotary se hanno voglia di partecipare e impegnarsi seriamente. <\/em><\/p>\n<p><em>\u00a0\u00a0 Non dimentichiamo, per\u00f2, i coniugi dei rotariani. Il Rotary conta molto su di loro, essi devono avere un ruolo attivo e propositivo, devono partecipare alla vita del Club affinch\u00e9 i soci stessi siano pi\u00f9 presenti e pi\u00f9 interessati alle manifestazioni, agli eventi, ai progetti. I coniugi coinvolti nella vita del Club sono, infatti, un importante collante all\u2019interno dell\u2019associazione. Tutto in vera amicizia, dimenticando le discordie, le incomprensioni, i dissapori perch\u00e9 lo scopo fondamentale del Rotary \u00e8 quello di promuovere e sviluppare relazioni amichevoli per i propri adepti, per renderli meglio atti a sentire l\u2019interesse generale. Bisogna , quindi, abbattere tutte le barriere fra soci, Club, citt\u00e0, regioni e lavorare con entusiasmo travolgente e con l\u2019orgoglio di appartenere ad una associazione che vuole essere \u201cDono nel mondo\u201d. Ogni comportamento che tende al deterioramento dei rapporti interni dovr\u00e0 essere adeguatamente contrastato e, per la cura della serenit\u00e0 ambientale, ogni presidente dovr\u00e0 farsi carico di prevenire, rilevare e eliminare ogni motivo di disaccordo. Tutto questo nel rispetto delle regole \u201c scritte\u201d e \u201cnon scritte\u201d che devono essere parte del nostro modo di essere rotariani cosicch\u00e9 i rapporti all\u2019interno e all\u2019esterno del Club migliorino. <\/em><\/p>\n<p><em>\u00a0\u00a0 I Club Rotary devono distinguersi per le qualit\u00e0 umane dei loro componenti, per l\u2019attrattiva delle loro proposte e per l\u2019offerta di un gradevole ambiente caratterizzato da calda e schietta affabilit\u00e0. In una societ\u00e0 come quella odierna, ove si assiste ogni giorno al dilagare di atteggiamenti lassisti e scorretti, una dimostrazione di stile rotariano che \u00e8 quello della seriet\u00e0, della puntualit\u00e0, del rispetto degli impegni presi e di grande responsabilit\u00e0, non pu\u00f2 che essere salutato da tutti con grande approvazione e favore creando intorno al Rotary un alone di sana e buona reputazione.<\/em><\/p>\n<p style=\"text-align: center;\"><strong><em>DG D2090 a.r. 2015-2016<\/em><\/strong><strong><em>\u00a0 \u00a0 \u00a0 \u00a0 \u00a0 \u00a0 \u00a0 \u00a0 \u00a0 \u00a0 \u00a0 \u00a0 \u00a0 \u00a0 \u00a0 \u00a0 \u00a0 \u00a0 \u00a0 \u00a0 \u00a0 \u00a0 \u00a0 \u00a0 \u00a0 \u00a0 \u00a0 \u00a0 \u00a0 \u00a0 \u00a0 \u00a0 \u00a0 \u00a0 \u00a0 \u00a0 \u00a0 \u00a0 \u00a0 \u00a0 \u00a0 \u00a0 \u00a0 \u00a0 \u00a0 \u00a0 \u00a0 \u00a0 \u00a0 \u00a0 \u00a0 \u00a0 \u00a0 \u00a0 \u00a0 \u00a0 \u00a0 \u00a0 \u00a0 <\/em><\/strong><\/p>\n<p style=\"text-align: center;\"><strong><em>Sergio Basti<\/em><\/strong><\/p>\n","protected":false},"excerpt":{"rendered":"<p>LETTERA LUGLIO \u00a0\u00a0 Cari amici, nello scrivere questa prima lettera provo sensazioni contrastanti: preoccupazione mista a orgoglio e soddisfazione. E\u2019 una grande responsabilit\u00e0 rivolgermi a tutti voi con questi appuntamenti mensili, ma il piacere di parlare di qualcosa che sento mio e a cui io stesso appartengo \u00e8 talmente forte che supera il timore di &hellip; <\/p>\n<p class=\"link-more\"><a href=\"http:\/\/www.rotarylaquila.it\/?page_id=462\" class=\"more-link\">Leggi tutto<span class=\"screen-reader-text\"> &#8220;LETTERA &#8211; LUGLIO 2015&#8221;<\/span><\/a><\/p>\n","protected":false},"author":1,"featured_media":0,"parent":0,"menu_order":0,"comment_status":"closed","ping_status":"closed","template":"","meta":{"footnotes":""},"class_list":["post-462","page","type-page","status-publish","hentry"],"_links":{"self":[{"href":"http:\/\/www.rotarylaquila.it\/index.php?rest_route=\/wp\/v2\/pages\/462","targetHints":{"allow":["GET"]}}],"collection":[{"href":"http:\/\/www.rotarylaquila.it\/index.php?rest_route=\/wp\/v2\/pages"}],"about":[{"href":"http:\/\/www.rotarylaquila.it\/index.php?rest_route=\/wp\/v2\/types\/page"}],"author":[{"embeddable":true,"href":"http:\/\/www.rotarylaquila.it\/index.php?rest_route=\/wp\/v2\/users\/1"}],"replies":[{"embeddable":true,"href":"http:\/\/www.rotarylaquila.it\/index.php?rest_route=%2Fwp%2Fv2%2Fcomments&post=462"}],"version-history":[{"count":4,"href":"http:\/\/www.rotarylaquila.it\/index.php?rest_route=\/wp\/v2\/pages\/462\/revisions"}],"predecessor-version":[{"id":496,"href":"http:\/\/www.rotarylaquila.it\/index.php?rest_route=\/wp\/v2\/pages\/462\/revisions\/496"}],"wp:attachment":[{"href":"http:\/\/www.rotarylaquila.it\/index.php?rest_route=%2Fwp%2Fv2%2Fmedia&parent=462"}],"curies":[{"name":"wp","href":"https:\/\/api.w.org\/{rel}","templated":true}]}}