{"id":474,"date":"2015-07-11T01:00:45","date_gmt":"2015-07-10T23:00:45","guid":{"rendered":"http:\/\/www.rotarylaquila.it\/?page_id=474"},"modified":"2015-07-21T13:38:17","modified_gmt":"2015-07-21T11:38:17","slug":"il-presidente-2","status":"publish","type":"page","link":"http:\/\/www.rotarylaquila.it\/?page_id=474","title":{"rendered":"Il Presidente Giovanni Pisano"},"content":{"rendered":"<p><a href=\"http:\/\/www.rotarylaquila.it\/wp-content\/uploads\/2015\/07\/pisano.png\"><img loading=\"lazy\" decoding=\"async\" class=\" size-full wp-image-586 alignleft\" src=\"http:\/\/www.rotarylaquila.it\/wp-content\/uploads\/2015\/07\/pisano.png\" alt=\"pisano\" width=\"164\" height=\"210\" \/><\/a>Il Rotary International \u00e8 la prima organizzazione di servizio al mondo,\u00a0rappresentata in tutti i continenti da circa 34.000 club che accolgono\u00a0oltre 1.200.000 rotariani che accettano di promuovere iniziative di\u00a0carattere sociale con una dedizione espressa dal motto \u201cservice above\u00a0self\u201d: servire al di sopra di ogni interesse personale.\u00a0Essere rotariani \u00e8 impegnativo e entusiasmante nello stesso tempo\u00a0perch\u00e9 significa agire su sfide pressanti e temi di grande importanza per\u00a0le comunit\u00e0 pi\u00f9 bisognose. Vivendo all&#8217;insegna dei valori rotariani si\u00a0riesce a trovare ispirazione e energia per migliorare davvero la vita\u00a0degli altri e ottenere risultati concreti, frutto &#8220;della combinazione degli\u00a0sforzi fatti col cuore, con la mente e con le mani in perfetta\u00a0coordinazione&#8221; (Paul P. Harris, fondatore del Rotary nel 1905).\u00a0Quest&#8217;anno il Presidente del Rotary Internazionale, il taiwanese Gary C. F. Huang, ha scelto come\u00a0tema per il 2014\/2015 il motto: ACCENDI LA LUCE DEL ROTARY. Il significato del motto \u00e8 stato\u00a0chiarito dallo stesso Presidente Huang durante la Convention Internazionale di San Diego, citando\u00a0la seguente frase di Confucio, filosofo cinese vissuto nel V secolo avanti Cristo: &#8220;E&#8217; meglio\u00a0accendere una piccola candela che rimanere fermi a maledire l&#8217;oscurit\u00e0&#8221;.\u00a0\u00c8 palesemente un invito a operare attivamente, a contribuire e non cadere nell&#8217;errore (o nell&#8217;alibi)\u00a0di credere di non poter fare niente di fronte a situazioni che ci appaiono &#8220;impossibili&#8221;. Spesso si\u00a0rimane bloccati di fronte a un grande problema pensando di non poter far nulla o che non\u00a0competa a noi agire. E quindi si rimane &#8220;nel buio&#8221;.\u00a0A livello internazionale, la causa principale abbracciata dal Rotary \u00e8 l&#8217;eradicazione della polio.\u00a0Grazie a tutti i Rotariani che dal 1979 hanno sostenuto e sostengono questa causa, oggi la polio \u00e8\u00a0endemica in tre Paesi soltanto.\u00a0A livello locale, il Rotary Club L&#8217;Aquila &#8211; il club con pi\u00f9 lunga tradizione in Abruzzo, fondato nel\u00a01949 &#8211; raccoglie l&#8217;invito del Presidente Internazionale concentrandosi particolarmente, durante\u00a0quest&#8217;anno, su progetti di servizio riguardanti le giovani generazioni e la comunit\u00e0 aquilana ancora\u00a0duramente condizionata dal grave sisma del 2009. Inoltre, il Club aquilano \u00e8 impegnato come\u00a0capofila di una compagine di dieci club rotariani che hanno assunto l&#8217;impegno di realizzare in due\u00a0anni in Togo quattro centri di assistenza sanitaria di base.\u00a0Siamo consapevoli che saranno dei piccoli contributi in oceani di necessit\u00e0, ma siamo altrettanto\u00a0determinati ad agire perch\u00e9 &#8220;&#8230; per noi, servire \u00e8 un privilegio e quello che cerchiamo di dare \u00e8 un\u00a0servizio vero, offerto con tutto il cuore. Ci rendiamo conto che quello che facciamo \u00e8 solo una\u00a0goccia nell&#8217;oceano, ma l&#8217;oceano senza quella goccia sarebbe pi\u00f9 piccolo.&#8221; (Madre Teresa di\u00a0Calcutta, &#8220;Il cammino semplice&#8221;).\u00a0Infine, vorrei rivolgermi a tutti coloro che sono interessati a conoscere meglio la nostra\u00a0organizzazione e ad avvicinarsi, invitandoli e seguirci tramite i moderni canali di comunicazione o\u00a0contattando uno dei tanti Club rotariani presenti sul territorio.<\/p>\n<p>Vi ringrazio per l&#8217;attenzione che ci riserverete.<\/p>\n","protected":false},"excerpt":{"rendered":"<p>Il Rotary International \u00e8 la prima organizzazione di servizio al mondo,\u00a0rappresentata in tutti i continenti da circa 34.000 club che accolgono\u00a0oltre 1.200.000 rotariani che accettano di promuovere iniziative di\u00a0carattere sociale con una dedizione espressa dal motto \u201cservice above\u00a0self\u201d: servire al di sopra di ogni interesse personale.\u00a0Essere rotariani \u00e8 impegnativo e entusiasmante nello stesso tempo\u00a0perch\u00e9 significa &hellip; <\/p>\n<p class=\"link-more\"><a href=\"http:\/\/www.rotarylaquila.it\/?page_id=474\" class=\"more-link\">Leggi tutto<span class=\"screen-reader-text\"> &#8220;Il Presidente Giovanni Pisano&#8221;<\/span><\/a><\/p>\n","protected":false},"author":1,"featured_media":0,"parent":0,"menu_order":0,"comment_status":"closed","ping_status":"closed","template":"","meta":{"footnotes":""},"class_list":["post-474","page","type-page","status-publish","hentry"],"_links":{"self":[{"href":"http:\/\/www.rotarylaquila.it\/index.php?rest_route=\/wp\/v2\/pages\/474","targetHints":{"allow":["GET"]}}],"collection":[{"href":"http:\/\/www.rotarylaquila.it\/index.php?rest_route=\/wp\/v2\/pages"}],"about":[{"href":"http:\/\/www.rotarylaquila.it\/index.php?rest_route=\/wp\/v2\/types\/page"}],"author":[{"embeddable":true,"href":"http:\/\/www.rotarylaquila.it\/index.php?rest_route=\/wp\/v2\/users\/1"}],"replies":[{"embeddable":true,"href":"http:\/\/www.rotarylaquila.it\/index.php?rest_route=%2Fwp%2Fv2%2Fcomments&post=474"}],"version-history":[{"count":4,"href":"http:\/\/www.rotarylaquila.it\/index.php?rest_route=\/wp\/v2\/pages\/474\/revisions"}],"predecessor-version":[{"id":589,"href":"http:\/\/www.rotarylaquila.it\/index.php?rest_route=\/wp\/v2\/pages\/474\/revisions\/589"}],"wp:attachment":[{"href":"http:\/\/www.rotarylaquila.it\/index.php?rest_route=%2Fwp%2Fv2%2Fmedia&parent=474"}],"curies":[{"name":"wp","href":"https:\/\/api.w.org\/{rel}","templated":true}]}}