{"id":922,"date":"2016-07-13T19:48:06","date_gmt":"2016-07-13T17:48:06","guid":{"rendered":"http:\/\/www.rotarylaquila.it\/?page_id=922"},"modified":"2016-07-13T19:58:48","modified_gmt":"2016-07-13T17:58:48","slug":"il-presidente-2016-17-massimo-casacchia","status":"publish","type":"page","link":"http:\/\/www.rotarylaquila.it\/?page_id=922","title":{"rendered":"Il Presidente 2016-17 Massimo Casacchia"},"content":{"rendered":"<p style=\"text-align: left;\"><a href=\"http:\/\/www.rotarylaquila.it\/?attachment_id=924\" rel=\"attachment wp-att-924\"><img loading=\"lazy\" decoding=\"async\" class=\" wp-image-924 alignleft\" src=\"http:\/\/www.rotarylaquila.it\/wp-content\/uploads\/2016\/07\/massimo-casacchia-267x300.jpg\" alt=\"massimo casacchia\" width=\"206\" height=\"231\" srcset=\"http:\/\/www.rotarylaquila.it\/wp-content\/uploads\/2016\/07\/massimo-casacchia-267x300.jpg 267w, http:\/\/www.rotarylaquila.it\/wp-content\/uploads\/2016\/07\/massimo-casacchia-768x863.jpg 768w, http:\/\/www.rotarylaquila.it\/wp-content\/uploads\/2016\/07\/massimo-casacchia-911x1024.jpg 911w, http:\/\/www.rotarylaquila.it\/wp-content\/uploads\/2016\/07\/massimo-casacchia-445x500.jpg 445w, http:\/\/www.rotarylaquila.it\/wp-content\/uploads\/2016\/07\/massimo-casacchia.jpg 1395w\" sizes=\"auto, (max-width: 206px) 100vw, 206px\" \/><\/a>Massimo \u00e8 nato a Roma nel 1943. Dal 1986 al 2013 \u00e8 stato Professore ordinario di Psichiatria presso l\u2019Ateneo dell\u2019Aquila. Ha vissuto e studiato a Genova, laureandosi e diventando specialista in Neuropsichiatria nella prestigiosa scuola di Cornelio Fazio. Trasferitosi a Roma con il suo Maestro, ha svolto i primi passi della sua carriera nell\u2019Istituto delle Malattie Nervose e Mentali di Roma. Ha iniziato ad insegnare psichiatria a L\u2019Aquila nel 1977 presso il Libero Istituto di Medicina e Chirurgia. Nel 1980 ha fondato la Clinica Psichiatrica Universitaria, presso la quale nel 1982 ha istituito la Scuola di Specializzazione in Psichiatria. Nell\u2019a.a. 1989-90 ha attivato, assieme ad altre 5 sedi italiane, la Scuola a fini speciali per Tecnici della Riabilitazione Psichiatrica e Psicosociale (in seguito divenuta Diploma Universitario e successivamente Corso di Laurea in Tecnica della Riabilitazione Psichiatrica), che ha presieduto fino al 2001, interpretando la forte necessit\u00e0 di sviluppare un curriculum universitario per le professioni sanitarie modulandolo sulla nuova psichiatria di comunit\u00e0, nata dopo la chiusura degli ospedali psichiatrici.<br \/>\nNel 1992 ha istituto per primo in Italia nell\u2019Ateneo aquilano il Servizio di Ascolto e Consultazione per Studenti (SACS), finalizzato al sostegno degli studenti universitari con difficolt\u00e0 emotive, rappresentando un modello di riferimento per gli altri Atenei italiani.<br \/>\nInoltre, presso l\u2019Universit\u00e0 dell\u2019Aquila nel 2000 ha attivato e presieduto la Commissione Interfacolt\u00e0 del servizio per studenti universitari diversamente abili, servizio per il quale ha lavorato in qualit\u00e0 di Delegato del Rettore con grande impegno e continuit\u00e0 fino a fine ottobre 2013.<br \/>\nHa insegnato nel Corso di Laurea in Medicina e Chirurgia, del quale \u00e8 stato Presidente per 14 anni. Generazioni di studenti hanno seguito le sue lezioni sulla salute mentale e circa 200 medici si sono specializzati presso la sua scuola, stimati professionisti e ricercatori.<br \/>\nAgli inizi degli anni \u201890 \u00e8 stato promotore nel nostro paese dei trattamenti integrati in psichiatria nel campo della riabilitazione psichiatrica, sostenendo un filone rivoluzionario di ricerca clinica, che contrastava lo stereotipo secondo il quale la famiglia \u00e8 causa delle malattie mentali dei propri figli. Con la stretta e continuativa collaborazione con Ian Falloon, psichiatra della Nuova Zelanda, pioniere dei trattamenti integrati con il coinvolgimento della famiglia, ha diffuso la cultura nei servizi di salute mentale italiani dell\u2019approccio psicoeducativo integrato, che vede la famiglia come una risorsa preziosa nella gestione dei loro familiari sofferenti. Ha introdotto in Italia il testo dell\u2019Organizzazione Mondiale della Sanit\u00e0 sulla lotta allo stigma nei confronti delle persone affette da disturbi mentali gravi (Schizofrenia e cittadinanza. La collaborazione decennale con Pierluigi Morosini, epidemiologo e psichiatra dell\u2019Istituto Superiore di Sanit\u00e0, lo ha stimolato alla tensione verso il miglioramento continuo della qualit\u00e0 dell&#8217;assistenza, con la pubblicazione di uno dei primi testi in materia nel campo della salute mentale (Qualit\u00e0 dei Servizi di Salute Mentale. Manuale questionario per la formazione organizzativa, l\u2019auto-valutazione e l\u2019accreditamento tra pari, in collaborazione con Piero Morosini e Rita Roncone, Il Pensiero Scientifico, Roma, 2000). Tale interesse lo ha portato ad occuparsi di \u201cQualit\u00e0\u201d anche nel mondo accademico, contribuendo alla certificazione ISO UNI 9001-2008 del Corso di Laurea Magistrale in Medicina e Chirurgia.<br \/>\nE\u2019 attualmente Presidente della sezione italiana della World Association for Psychosocial Rehabilitation (WAPR) e Vice-presidente della Societ\u00e0 Italiana di Psichiatria.<br \/>\n\u00c8 autore di pi\u00f9 di 300 pubblicazioni scientifiche. Nel 2010 \u00e8 stato vincitore del Premio Rivera per la ricerca scientifica dell\u2019Universit\u00e0 dell\u2019Aquila e, nello stesso anno, \u00e8 stato insignito della Medaglia d\u2019argento per la sanit\u00e0 pubblica dal Ministero della Salute: questi 2 riconoscimenti sintetizzano il suo impegno universitario nella ricerca e nel costante impegno a migliorare i trattamenti psichiatrici e la qualit\u00e0 dei servizi di salute mentale. Nel febbraio 2015 \u00e8 stato insignito del titolo di Professore Emerito di Psichiatria dell\u2019Universit\u00e0 dell\u2019Aquila (Senato Accademico dell\u2019Universit\u00e0 dell\u2019Aquila 29\/11\/2013, Decreto Ministro Giannini 14\/10\/2014).<\/p>\n","protected":false},"excerpt":{"rendered":"<p>Massimo \u00e8 nato a Roma nel 1943. Dal 1986 al 2013 \u00e8 stato Professore ordinario di Psichiatria presso l\u2019Ateneo dell\u2019Aquila. Ha vissuto e studiato a Genova, laureandosi e diventando specialista in Neuropsichiatria nella prestigiosa scuola di Cornelio Fazio. Trasferitosi a Roma con il suo Maestro, ha svolto i primi passi della sua carriera nell\u2019Istituto delle &hellip; <\/p>\n<p class=\"link-more\"><a href=\"http:\/\/www.rotarylaquila.it\/?page_id=922\" class=\"more-link\">Leggi tutto<span class=\"screen-reader-text\"> &#8220;Il Presidente 2016-17 Massimo Casacchia&#8221;<\/span><\/a><\/p>\n","protected":false},"author":1,"featured_media":0,"parent":0,"menu_order":0,"comment_status":"closed","ping_status":"closed","template":"","meta":{"footnotes":""},"class_list":["post-922","page","type-page","status-publish","hentry"],"_links":{"self":[{"href":"http:\/\/www.rotarylaquila.it\/index.php?rest_route=\/wp\/v2\/pages\/922","targetHints":{"allow":["GET"]}}],"collection":[{"href":"http:\/\/www.rotarylaquila.it\/index.php?rest_route=\/wp\/v2\/pages"}],"about":[{"href":"http:\/\/www.rotarylaquila.it\/index.php?rest_route=\/wp\/v2\/types\/page"}],"author":[{"embeddable":true,"href":"http:\/\/www.rotarylaquila.it\/index.php?rest_route=\/wp\/v2\/users\/1"}],"replies":[{"embeddable":true,"href":"http:\/\/www.rotarylaquila.it\/index.php?rest_route=%2Fwp%2Fv2%2Fcomments&post=922"}],"version-history":[{"count":8,"href":"http:\/\/www.rotarylaquila.it\/index.php?rest_route=\/wp\/v2\/pages\/922\/revisions"}],"predecessor-version":[{"id":931,"href":"http:\/\/www.rotarylaquila.it\/index.php?rest_route=\/wp\/v2\/pages\/922\/revisions\/931"}],"wp:attachment":[{"href":"http:\/\/www.rotarylaquila.it\/index.php?rest_route=%2Fwp%2Fv2%2Fmedia&parent=922"}],"curies":[{"name":"wp","href":"https:\/\/api.w.org\/{rel}","templated":true}]}}