{"id":958,"date":"2016-07-13T21:45:31","date_gmt":"2016-07-13T19:45:31","guid":{"rendered":"http:\/\/www.rotarylaquila.it\/?page_id=958"},"modified":"2016-07-14T22:55:53","modified_gmt":"2016-07-14T20:55:53","slug":"passaggio-del-martelletto-2016-17","status":"publish","type":"page","link":"http:\/\/www.rotarylaquila.it\/?page_id=958","title":{"rendered":"Passaggio del Martelletto 2016-17"},"content":{"rendered":"<p><a href=\"http:\/\/www.rotarylaquila.it\/?attachment_id=980\" rel=\"attachment wp-att-980\"><img loading=\"lazy\" decoding=\"async\" class=\"wp-image-980 alignleft\" src=\"http:\/\/www.rotarylaquila.it\/wp-content\/uploads\/2016\/07\/13626369_1522548667770677_457507698565114694_n-300x225.jpg\" alt=\"13626369_1522548667770677_457507698565114694_n\" width=\"406\" height=\"304\" srcset=\"http:\/\/www.rotarylaquila.it\/wp-content\/uploads\/2016\/07\/13626369_1522548667770677_457507698565114694_n-300x225.jpg 300w, http:\/\/www.rotarylaquila.it\/wp-content\/uploads\/2016\/07\/13626369_1522548667770677_457507698565114694_n-768x576.jpg 768w, http:\/\/www.rotarylaquila.it\/wp-content\/uploads\/2016\/07\/13626369_1522548667770677_457507698565114694_n-175x131.jpg 175w, http:\/\/www.rotarylaquila.it\/wp-content\/uploads\/2016\/07\/13626369_1522548667770677_457507698565114694_n-667x500.jpg 667w, http:\/\/www.rotarylaquila.it\/wp-content\/uploads\/2016\/07\/13626369_1522548667770677_457507698565114694_n.jpg 960w\" sizes=\"auto, (max-width: 406px) 100vw, 406px\" \/><\/a><\/p>\n<h1>Il passaggio del martelletto dall\u2019Avvocato Luca Bruno al\u00a0Professore Massimo Casacchia<\/h1>\n<p>Il passaggio del martelletto\u2026 una tradizione che si perpetua nel tempo, si rinnova anno per anno e rappresenta un momento significativo e commovente, che si esplicita nel passaggio del martelletto dal presidente uscente al presidente entrante.<\/p>\n<p>\u00c8 un evento che viene atteso con trepidazione da parte del Presidente incoming, consapevole delle responsabilit\u00e0 che lo aspettano. Nel mio caso, ho molto studiato e ho frequentato tutte le riunioni preparatorie che si sono succedute da novembre del 2015, cercando sempre di identificare i significati pi\u00f9 profondi che avrebbero dovuto ispirare la mia azione nell&#8217;anno rotariano 2016-2017.<\/p>\n<p><a href=\"http:\/\/www.rotarylaquila.it\/?attachment_id=979\" rel=\"attachment wp-att-979\"><img loading=\"lazy\" decoding=\"async\" class=\"alignright  wp-image-979\" src=\"http:\/\/www.rotarylaquila.it\/wp-content\/uploads\/2016\/07\/13627159_1522542441104633_5562343021715913579_n-300x225.jpg\" alt=\"13627159_1522542441104633_5562343021715913579_n\" width=\"404\" height=\"303\" srcset=\"http:\/\/www.rotarylaquila.it\/wp-content\/uploads\/2016\/07\/13627159_1522542441104633_5562343021715913579_n-300x225.jpg 300w, http:\/\/www.rotarylaquila.it\/wp-content\/uploads\/2016\/07\/13627159_1522542441104633_5562343021715913579_n-768x576.jpg 768w, http:\/\/www.rotarylaquila.it\/wp-content\/uploads\/2016\/07\/13627159_1522542441104633_5562343021715913579_n-175x131.jpg 175w, http:\/\/www.rotarylaquila.it\/wp-content\/uploads\/2016\/07\/13627159_1522542441104633_5562343021715913579_n-667x500.jpg 667w, http:\/\/www.rotarylaquila.it\/wp-content\/uploads\/2016\/07\/13627159_1522542441104633_5562343021715913579_n.jpg 960w\" sizes=\"auto, (max-width: 404px) 100vw, 404px\" \/><\/a>Il passaggio del martelletto \u00e8 avvenuto il 5 luglio presso il ristorante aquilano \u201cIl Baco da Seta\u201d, alla presenza di tanti ospiti, importanti autorit\u00e0 civili e militari, sindaco, prefetto, tanti soci con i loro familiari e tanti amici.<\/p>\n<p>In questa atmosfera amicale l\u2019avvocato Luca Bruno ha svolto una relazione in cui ha ripercorso tutte le azioni svolte nel suo anno. Ha evidenziato come il motto per l\u2019anno rotariano 2015 &#8211; 2016 era \u201cBe a gift to the World\u201d \u201cSiate dono nel mondo\u201d e nel senso del concetto racchiuso in quel motto le iniziative intraprese hanno cercato di avvicinare il Rotary alla Citt\u00e0 per far capire alla gente che il Rotary non \u00e8 un castello arroccato su posizioni medioevali, chiuso e diruto ma \u00e8 una casa abitata da persone amiche, disponibili, aperte al dialogo e al confronto e pronte a stendere una mano a chi ha bisogno mettendo a disposizione professionalit\u00e0, operativit\u00e0 e capacit\u00e0.<\/p>\n<p>Di seguito il Presidente uscente ha ricordato gli eventi svolti: Una Mattina da Favola, il premio Rotary Perdonanza, Dinamica di Sport Media e Giustizia, l\u2019Albero di Natale, Oltrelaquila, Coralmente Rotary, la Processione del Venerdi Santo, la Giornata del Ricordo, Gran Sasso d\u2019Italia: sport e turismo 365 giorni l\u2019anno, Dia-Psy-Rotary, Corso di formazione e aggiornamento per ipo e non vedenti, il Trofeo di Golf Rotary Club L\u2019Aquila.<\/p>\n<p>Ancora: le giornate di Camminaq, la giornata mondiale del Diabete, il viaggio e le relazioni con Belgio e Francia, e poi soprattutto Reach Out to Togo, il progetto per la realizzazione di centri sanitari in Africa.<\/p>\n<p>Alla fine della relazione \u00e8 seguita una standing ovation, che ha generato una diffusa emozione fra i presenti, in quel momento coesi e solidali con i principi rotariani che Luca Bruno era riuscito a concretizzare nel mondo reale.<\/p>\n<p>Dopo il passaggio delle consegne anche tra i giovani del Rotaract, dal presidente uscente Laura Di Stefano al presidente entrante Davide Ardovino, sono stati consegnati i riconoscimenti ai soci con oltre 40 anni di presenza all\u2019interno del Club: Luigi Cardilli Giuseppe Pulcini, Giorgio Splendiani e Romeo Ricciuti.<\/p>\n<p>Poi Luca Bruno ha consegnato il martelletto al sottoscritto e si \u00e8 spogliato del distintivo di Presidente, affidandolo alle mie cure.<\/p>\n<p>Concluse le formalit\u00e0 di rito previste per il mio insediamento, ho finalmente preso la parola come Presidente per l\u2019anno 2016\/2017.<\/p>\n<p>Il mio intervento si \u00e8 incentrato nel ripercorrere idealmente i principi del Rotary. Il motto di quest&#8217;anno \u00e8 \u201c<strong>il Rotary al servizio dell&#8217;umanit\u00e0<\/strong>\u201d, motto solo apparentemente generico, in quanto in realt\u00e0 coinvolge e responsabilizza ciascun socio a mettere a servizio il proprio tempo e le proprie risorse.<\/p>\n<p>In modo sintetico ho delineato alcune direttrici entro cui il Rotary si muover\u00e0. Lavoreremo, tra l\u2019altro, nell&#8217;area delle \u201cnuove generazioni\u201d, con le loro ansie e incertezze lavorative, offrendo agli studenti delle scuole aquilane percorsi strutturati di alternanza scuola lavoro, ricordando agli stessi le diverse iniziative sostenute dal Rotary, in termini di master, borse di studio, mobilit\u00e0 all\u2019estero\u2026<\/p>\n<p>Lavoreremo nell&#8217;area della inclusione sociale degli immigrati, utilizzando come mezzo di integrazione la musica come linguaggio universale. Affronteremo inoltre l\u2019importanza della dimensione etica e del rispetto reciproco attraverso dei progetti contro la violenza e contro il bullismo con il coinvolgimento diretto degli studenti e dei docenti. Particolare attenzione verr\u00e0 riservata all\u2019area della disabilit\u00e0, continuando il tradizionale supporto al campus e programmando un secondo corso di formazione dedicato all\u2019informatica e all\u2019uso di smartphone per ipovedenti e non vedenti, che tanto successo ha avuto nella sua prima edizione di giugno 2016.<\/p>\n<p>Alla fine della mia relazione molto persone hanno manifestato apprezzamento e condivisione del programma rotariano 2016-2017.<\/p>\n<p>Un saluto speciale ai Past governatori, Giorgio Splendiani e Sergio Basti, un abbraccio affettuoso a Luca Bruno, ed un augurio a distanza anche al nostro nuovo Governatore, <strong>Paolo Raschiatore<\/strong>, in attesa della sua gradita visita all\u2019Aquila.<\/p>\n<p style=\"text-align: right;\"><strong><em>Massimo Casacchia<\/em><\/strong><\/p>\n","protected":false},"excerpt":{"rendered":"<p>Il passaggio del martelletto dall\u2019Avvocato Luca Bruno al\u00a0Professore Massimo Casacchia Il passaggio del martelletto\u2026 una tradizione che si perpetua nel tempo, si rinnova anno per anno e rappresenta un momento significativo e commovente, che si esplicita nel passaggio del martelletto dal presidente uscente al presidente entrante. \u00c8 un evento che viene atteso con trepidazione da &hellip; <\/p>\n<p class=\"link-more\"><a href=\"http:\/\/www.rotarylaquila.it\/?page_id=958\" class=\"more-link\">Leggi tutto<span class=\"screen-reader-text\"> &#8220;Passaggio del Martelletto 2016-17&#8221;<\/span><\/a><\/p>\n","protected":false},"author":1,"featured_media":0,"parent":0,"menu_order":0,"comment_status":"closed","ping_status":"closed","template":"","meta":{"footnotes":""},"class_list":["post-958","page","type-page","status-publish","hentry"],"_links":{"self":[{"href":"http:\/\/www.rotarylaquila.it\/index.php?rest_route=\/wp\/v2\/pages\/958","targetHints":{"allow":["GET"]}}],"collection":[{"href":"http:\/\/www.rotarylaquila.it\/index.php?rest_route=\/wp\/v2\/pages"}],"about":[{"href":"http:\/\/www.rotarylaquila.it\/index.php?rest_route=\/wp\/v2\/types\/page"}],"author":[{"embeddable":true,"href":"http:\/\/www.rotarylaquila.it\/index.php?rest_route=\/wp\/v2\/users\/1"}],"replies":[{"embeddable":true,"href":"http:\/\/www.rotarylaquila.it\/index.php?rest_route=%2Fwp%2Fv2%2Fcomments&post=958"}],"version-history":[{"count":13,"href":"http:\/\/www.rotarylaquila.it\/index.php?rest_route=\/wp\/v2\/pages\/958\/revisions"}],"predecessor-version":[{"id":997,"href":"http:\/\/www.rotarylaquila.it\/index.php?rest_route=\/wp\/v2\/pages\/958\/revisions\/997"}],"wp:attachment":[{"href":"http:\/\/www.rotarylaquila.it\/index.php?rest_route=%2Fwp%2Fv2%2Fmedia&parent=958"}],"curies":[{"name":"wp","href":"https:\/\/api.w.org\/{rel}","templated":true}]}}